{"id":3939,"date":"2020-08-22T23:01:06","date_gmt":"2020-08-23T02:01:06","guid":{"rendered":"https:\/\/ambiente.4everstyle.xyz\/?page_id=3939"},"modified":"2020-08-24T14:23:14","modified_gmt":"2020-08-24T17:23:14","slug":"vintage-games-nintendo","status":"publish","type":"page","link":"https:\/\/ambiente.4everstyle.xyz\/index.php\/vintage-games-nintendo\/","title":{"rendered":"Vintage Games Nintendo"},"content":{"rendered":"\nJOGUE AGORA! \ud83d\udc99\ud83d\uddb1\ud83e\uddb8\u200d\u2642\ufe0f\ud83e\udd47\ud83c\udfae\ud83c\udfce\ud83e\udde1\n<p align=\"justify\">Ol\u00e1, se voc\u00ea est\u00e1 aqui na internet acessando de um computador (Desktop ou Laptop | Notebook), ent\u00e3o voc\u00ea poder\u00e1 JOGAR AGORA atrav\u00e9s do nosso portal e relembrar os velhos tempos dos antigos e cl\u00e1ssicos games da Nintendo, como Super Mario Bros, Donkey Kong, Pac Man, Street Fighter entre muitos outros&#8230;APROVEITE! \ud83d\ude09<\/p>\n\n\n\n\n<p align=\"justify\">Dica: Se n\u00e3o apareceu a janela preta logo abaixo, ent\u00e3o aperte a tecla F5 no seu teclado para atualizar esta p\u00e1gina do site, e logo em seguida j\u00e1 poder\u00e1 ver a janela e escolher seu jogo! Boa divers\u00e3o!<\/p>\n\n\n<canvas id=\"retro-game-emulator-canvas\" width=\"256\" height=\"240\" style=\"width: 100%;display:none;margin-bottom:10px\"><\/canvas>\n<select id=\"retro-game-emulator-game-select\" class=\"form-control\">\n    <option>- Select Rom -<\/option>\n            <option value=\"https:\/\/ambiente.4everstyle.xyz\/wp-content\/uploads\/retro-game-emulator\/2010-Street-Fighter-Japan.nes\">2010-Street-Fighter-Japan.nes<\/option>\n            <option value=\"https:\/\/ambiente.4everstyle.xyz\/wp-content\/uploads\/retro-game-emulator\/Al-Unser-Jr.-Turbo-Racing-USA.nes\">Al-Unser-Jr.-Turbo-Racing-USA.nes<\/option>\n            <option value=\"https:\/\/ambiente.4everstyle.xyz\/wp-content\/uploads\/retro-game-emulator\/Asterix-Europe-EnFrDeEsIt.nes\">Asterix-Europe-EnFrDeEsIt.nes<\/option>\n            <option value=\"https:\/\/ambiente.4everstyle.xyz\/wp-content\/uploads\/retro-game-emulator\/Batman-The-Video-Game-USA-Beta-2.nes\">Batman-The-Video-Game-USA-Beta-2.nes<\/option>\n            <option value=\"https:\/\/ambiente.4everstyle.xyz\/wp-content\/uploads\/retro-game-emulator\/Championship-Pool-USA.nes\">Championship-Pool-USA.nes<\/option>\n            <option value=\"https:\/\/ambiente.4everstyle.xyz\/wp-content\/uploads\/retro-game-emulator\/Championship-Rally-Europe.nes\">Championship-Rally-Europe.nes<\/option>\n            <option value=\"https:\/\/ambiente.4everstyle.xyz\/wp-content\/uploads\/retro-game-emulator\/Contra-USA.nes\">Contra-USA.nes<\/option>\n            <option value=\"https:\/\/ambiente.4everstyle.xyz\/wp-content\/uploads\/retro-game-emulator\/Donkey-Kong-3-World.nes\">Donkey-Kong-3-World.nes<\/option>\n            <option value=\"https:\/\/ambiente.4everstyle.xyz\/wp-content\/uploads\/retro-game-emulator\/Donkey-Kong-Classics-USA-Europe.nes\">Donkey-Kong-Classics-USA-Europe.nes<\/option>\n            <option value=\"https:\/\/ambiente.4everstyle.xyz\/wp-content\/uploads\/retro-game-emulator\/Donkey-Kong-World-Rev-A.nes\">Donkey-Kong-World-Rev-A.nes<\/option>\n            <option value=\"https:\/\/ambiente.4everstyle.xyz\/wp-content\/uploads\/retro-game-emulator\/Excitebike-Japan-USA.nes\">Excitebike-Japan-USA.nes<\/option>\n            <option value=\"https:\/\/ambiente.4everstyle.xyz\/wp-content\/uploads\/retro-game-emulator\/F-1-Race-Japan-Beta.nes\">F-1-Race-Japan-Beta.nes<\/option>\n            <option value=\"https:\/\/ambiente.4everstyle.xyz\/wp-content\/uploads\/retro-game-emulator\/Galaga-Demons-of-Death-USA.nes\">Galaga-Demons-of-Death-USA.nes<\/option>\n            <option value=\"https:\/\/ambiente.4everstyle.xyz\/wp-content\/uploads\/retro-game-emulator\/Life-Force-USA.nes\">Life-Force-USA.nes<\/option>\n            <option value=\"https:\/\/ambiente.4everstyle.xyz\/wp-content\/uploads\/retro-game-emulator\/Pac-Man-Japan.nes\">Pac-Man-Japan.nes<\/option>\n            <option value=\"https:\/\/ambiente.4everstyle.xyz\/wp-content\/uploads\/retro-game-emulator\/Pac-Man-USA-Namco.nes\">Pac-Man-USA-Namco.nes<\/option>\n            <option value=\"https:\/\/ambiente.4everstyle.xyz\/wp-content\/uploads\/retro-game-emulator\/Super-Mario-Bros.-World.nes\">Super-Mario-Bros.-World.nes<\/option>\n    <\/select>\n<h3>Controls<\/h3>\n<table>\n    <tr>\n        <th>Button<\/th>\n        <th>Player 1<\/th>\n        <th>Player 2<\/th>\n    <\/tr>\n    <tr>\n        <td>Esquerda<\/td>\n        <td>Esquerda<\/td>\n        <td>Num-4<\/td>\n    <tr>\n        <td>Direita<\/td>\n        <td>Direita<\/td>\n        <td>Num-6<\/td>\n    <\/tr>\n    <tr>\n        <td>Up<\/td>\n        <td>Up<\/td>\n        <td>Num-8<\/td>\n    <\/tr>\n    <tr>\n        <td>Down<\/td>\n        <td>Down<\/td>\n        <td>Num-2<\/td>\n    <\/tr>\n    <tr>\n        <td>A<\/td>\n        <td>A<\/td>\n        <td>Num-7<\/td>\n    <\/tr>\n    <tr>\n        <td>B<\/td>\n        <td>S<\/td>\n        <td>Num-9<\/td>\n    <\/tr>\n    <tr>\n        <td>Start<\/td>\n        <td>Enter<\/td>\n        <td>Num-1<\/td>\n    <\/tr>\n    <tr>\n        <td>Selecionar<\/td>\n        <td>Tab<\/td>\n        <td>Num-3<\/td>\n    <\/tr>\n<\/table>\n\n\n\n<p>Clique em &#8220;<strong>Select a ROM<\/strong>&#8221;  acima para escolher o jogo<\/p>\n\n\n\n<p>Para aumentar a tela do jogo, clique em <strong>ZOOM IN<\/strong><\/p>\n\n\n\n<div class=\"wp-block-image\"><figure class=\"aligncenter\"><img loading=\"lazy\" width=\"500\" height=\"282\" src=\"https:\/\/ambiente.4everstyle.xyz\/wp-content\/uploads\/2020\/08\/Games-vintage-online-4ever-Style-1.jpg\" alt=\"\" class=\"wp-image-3965\" srcset=\"https:\/\/ambiente.4everstyle.xyz\/wp-content\/uploads\/2020\/08\/Games-vintage-online-4ever-Style-1.jpg 500w, https:\/\/ambiente.4everstyle.xyz\/wp-content\/uploads\/2020\/08\/Games-vintage-online-4ever-Style-1-320x180.jpg 320w, https:\/\/ambiente.4everstyle.xyz\/wp-content\/uploads\/2020\/08\/Games-vintage-online-4ever-Style-1-360x203.jpg 360w\" sizes=\"(max-width: 500px) 100vw, 500px\" \/><\/figure><\/div>\n\n\n\n<div class=\"wp-block-image\"><figure class=\"aligncenter\"><img loading=\"lazy\" width=\"450\" height=\"288\" src=\"https:\/\/ambiente.4everstyle.xyz\/wp-content\/uploads\/2020\/08\/Games-vintage-online-4ever-Style1-1.png\" alt=\"Games cl\u00e1ssicos Online\" class=\"wp-image-3978\" srcset=\"https:\/\/ambiente.4everstyle.xyz\/wp-content\/uploads\/2020\/08\/Games-vintage-online-4ever-Style1-1.png 450w, https:\/\/ambiente.4everstyle.xyz\/wp-content\/uploads\/2020\/08\/Games-vintage-online-4ever-Style1-1-320x205.png 320w, https:\/\/ambiente.4everstyle.xyz\/wp-content\/uploads\/2020\/08\/Games-vintage-online-4ever-Style1-1-360x230.png 360w\" sizes=\"(max-width: 450px) 100vw, 450px\" \/><figcaption>Jogue agora Super Mario Bros, Donkey Kong, Pac Man entre outros<\/figcaption><\/figure><\/div>\n\n\n\n<div class=\"wp-block-image\"><figure class=\"alignleft is-resized\"><img loading=\"lazy\" src=\"https:\/\/ambiente.4everstyle.xyz\/wp-content\/uploads\/2020\/08\/SuperMarioBros.World-4ever-Style.jpg\" alt=\"Jogue agora ONLINE\" class=\"wp-image-3945\" width=\"218\" height=\"299\"\/><\/figure><\/div>\n\n\n\n<figure class=\"wp-block-image is-resized\"><img loading=\"lazy\" src=\"https:\/\/ambiente.4everstyle.xyz\/wp-content\/uploads\/2020\/08\/SuperCastlevaniaIVUSA-4ever-Style.jpg\" alt=\"\" class=\"wp-image-3946\" width=\"298\" height=\"218\" srcset=\"https:\/\/ambiente.4everstyle.xyz\/wp-content\/uploads\/2020\/08\/SuperCastlevaniaIVUSA-4ever-Style.jpg 420w, https:\/\/ambiente.4everstyle.xyz\/wp-content\/uploads\/2020\/08\/SuperCastlevaniaIVUSA-4ever-Style-320x234.jpg 320w, https:\/\/ambiente.4everstyle.xyz\/wp-content\/uploads\/2020\/08\/SuperCastlevaniaIVUSA-4ever-Style-360x263.jpg 360w, https:\/\/ambiente.4everstyle.xyz\/wp-content\/uploads\/2020\/08\/SuperCastlevaniaIVUSA-4ever-Style-110x80.jpg 110w\" sizes=\"(max-width: 298px) 100vw, 298px\" \/><\/figure>\n\n\n\n<figure class=\"wp-block-image is-resized\"><img loading=\"lazy\" src=\"https:\/\/ambiente.4everstyle.xyz\/wp-content\/uploads\/2020\/08\/Pac-ManUSANamco-4ever-Style.jpg\" alt=\"\" class=\"wp-image-3947\" width=\"180\" height=\"246\"\/><\/figure>\n\n\n\n<div class=\"wp-block-image\"><figure class=\"alignleft is-resized\"><img loading=\"lazy\" src=\"https:\/\/ambiente.4everstyle.xyz\/wp-content\/uploads\/2020\/08\/Pac-ManJapan-4ever-Style.jpg\" alt=\"\" class=\"wp-image-3948\" width=\"247\" height=\"158\" srcset=\"https:\/\/ambiente.4everstyle.xyz\/wp-content\/uploads\/2020\/08\/Pac-ManJapan-4ever-Style.jpg 400w, https:\/\/ambiente.4everstyle.xyz\/wp-content\/uploads\/2020\/08\/Pac-ManJapan-4ever-Style-320x206.jpg 320w, https:\/\/ambiente.4everstyle.xyz\/wp-content\/uploads\/2020\/08\/Pac-ManJapan-4ever-Style-360x231.jpg 360w\" sizes=\"(max-width: 247px) 100vw, 247px\" \/><\/figure><\/div>\n\n\n\n<figure class=\"wp-block-image is-resized\"><img loading=\"lazy\" src=\"https:\/\/ambiente.4everstyle.xyz\/wp-content\/uploads\/2020\/08\/LotusTurboChallenge2-4ever-Style.jpg\" alt=\"\" class=\"wp-image-3949\" width=\"248\" height=\"316\" srcset=\"https:\/\/ambiente.4everstyle.xyz\/wp-content\/uploads\/2020\/08\/LotusTurboChallenge2-4ever-Style.jpg 330w, https:\/\/ambiente.4everstyle.xyz\/wp-content\/uploads\/2020\/08\/LotusTurboChallenge2-4ever-Style-320x407.jpg 320w\" sizes=\"(max-width: 248px) 100vw, 248px\" \/><\/figure>\n\n\n\n<div class=\"wp-block-image\"><figure class=\"alignleft is-resized\"><img loading=\"lazy\" src=\"https:\/\/ambiente.4everstyle.xyz\/wp-content\/uploads\/2020\/08\/LifeForceUSA-4ever-Style.jpg\" alt=\"\" class=\"wp-image-3950\" width=\"196\" height=\"268\"\/><\/figure><\/div>\n\n\n\n<figure class=\"wp-block-image is-resized\"><img loading=\"lazy\" src=\"https:\/\/ambiente.4everstyle.xyz\/wp-content\/uploads\/2020\/08\/LegendofZeldaThe-ALinktothePastFrance-4ever-Style.jpg\" alt=\"\" class=\"wp-image-3951\" width=\"329\" height=\"240\" srcset=\"https:\/\/ambiente.4everstyle.xyz\/wp-content\/uploads\/2020\/08\/LegendofZeldaThe-ALinktothePastFrance-4ever-Style.jpg 420w, https:\/\/ambiente.4everstyle.xyz\/wp-content\/uploads\/2020\/08\/LegendofZeldaThe-ALinktothePastFrance-4ever-Style-320x234.jpg 320w, https:\/\/ambiente.4everstyle.xyz\/wp-content\/uploads\/2020\/08\/LegendofZeldaThe-ALinktothePastFrance-4ever-Style-360x263.jpg 360w, https:\/\/ambiente.4everstyle.xyz\/wp-content\/uploads\/2020\/08\/LegendofZeldaThe-ALinktothePastFrance-4ever-Style-110x80.jpg 110w\" sizes=\"(max-width: 329px) 100vw, 329px\" \/><\/figure>\n\n\n\n<figure class=\"wp-block-image is-resized\"><img loading=\"lazy\" src=\"https:\/\/ambiente.4everstyle.xyz\/wp-content\/uploads\/2020\/08\/F-1RaceJapanBeta-4ever-Style.jpg\" alt=\"\" class=\"wp-image-3952\" width=\"301\" height=\"220\" srcset=\"https:\/\/ambiente.4everstyle.xyz\/wp-content\/uploads\/2020\/08\/F-1RaceJapanBeta-4ever-Style.jpg 400w, https:\/\/ambiente.4everstyle.xyz\/wp-content\/uploads\/2020\/08\/F-1RaceJapanBeta-4ever-Style-320x234.jpg 320w, https:\/\/ambiente.4everstyle.xyz\/wp-content\/uploads\/2020\/08\/F-1RaceJapanBeta-4ever-Style-360x263.jpg 360w, https:\/\/ambiente.4everstyle.xyz\/wp-content\/uploads\/2020\/08\/F-1RaceJapanBeta-4ever-Style-110x80.jpg 110w\" sizes=\"(max-width: 301px) 100vw, 301px\" \/><\/figure>\n\n\n\n<div class=\"wp-block-image\"><figure class=\"alignright is-resized\"><img loading=\"lazy\" src=\"https:\/\/ambiente.4everstyle.xyz\/wp-content\/uploads\/2020\/08\/ExcitebikeJapanUSA-4ever-Style.jpg\" alt=\"\" class=\"wp-image-3953\" width=\"210\" height=\"288\"\/><\/figure><\/div>\n\n\n\n<figure class=\"wp-block-image is-resized\"><img loading=\"lazy\" src=\"https:\/\/ambiente.4everstyle.xyz\/wp-content\/uploads\/2020\/08\/DonkeyKongClassicsUSAEurope-4ever-Style.jpg\" alt=\"\" class=\"wp-image-3954\" width=\"206\" height=\"282\"\/><\/figure>\n\n\n\n<div class=\"wp-block-image\"><figure class=\"alignleft is-resized\"><img loading=\"lazy\" src=\"https:\/\/ambiente.4everstyle.xyz\/wp-content\/uploads\/2020\/08\/DonkeyKong3World-4ever-Style.jpg\" alt=\"\" class=\"wp-image-3955\" width=\"197\" height=\"270\"\/><\/figure><\/div>\n\n\n\n<div class=\"wp-block-image\"><figure class=\"aligncenter is-resized\"><img loading=\"lazy\" src=\"https:\/\/ambiente.4everstyle.xyz\/wp-content\/uploads\/2020\/08\/DonkeyKongWorldRevA-4ever-Style.jpg\" alt=\"\" class=\"wp-image-3956\" width=\"189\" height=\"264\"\/><\/figure><\/div>\n\n\n\n<div class=\"wp-block-image\"><figure class=\"alignright is-resized\"><img loading=\"lazy\" src=\"https:\/\/ambiente.4everstyle.xyz\/wp-content\/uploads\/2020\/08\/ContraUSA-4ever-Style.jpg\" alt=\"\" class=\"wp-image-3957\" width=\"199\" height=\"272\"\/><\/figure><\/div>\n\n\n\n<div class=\"wp-block-image\"><figure class=\"alignleft is-resized\"><img loading=\"lazy\" src=\"https:\/\/ambiente.4everstyle.xyz\/wp-content\/uploads\/2020\/08\/ChampionshipRallyEurope-4ever-Style.jpg\" alt=\"\" class=\"wp-image-3958\" width=\"201\" height=\"275\"\/><\/figure><\/div>\n\n\n\n<figure class=\"wp-block-image is-resized\"><img loading=\"lazy\" src=\"https:\/\/ambiente.4everstyle.xyz\/wp-content\/uploads\/2020\/08\/ChampionshipPoolUSA-4ever-Style.jpg\" alt=\"\" class=\"wp-image-3959\" width=\"237\" height=\"325\"\/><\/figure>\n\n\n\n<div class=\"wp-block-image\"><figure class=\"alignleft is-resized\"><img loading=\"lazy\" src=\"https:\/\/ambiente.4everstyle.xyz\/wp-content\/uploads\/2020\/08\/AsterixEuropeEnFrDeEsIt-4ever-Style.jpg\" alt=\"\" class=\"wp-image-3960\" width=\"214\" height=\"293\"\/><\/figure><\/div>\n\n\n\n<div class=\"wp-block-image\"><figure class=\"alignright\"><img loading=\"lazy\" width=\"292\" height=\"400\" src=\"https:\/\/ambiente.4everstyle.xyz\/wp-content\/uploads\/2020\/08\/AlUnserJr.TurboRacingUSA-4ever-Style.jpg\" alt=\"\" class=\"wp-image-3961\"\/><\/figure><\/div>\n\n\n\n<figure class=\"wp-block-image\"><img loading=\"lazy\" width=\"292\" height=\"400\" src=\"https:\/\/ambiente.4everstyle.xyz\/wp-content\/uploads\/2020\/08\/2010-StreetFighterJapan-4ever-Style.jpg\" alt=\"\" class=\"wp-image-3962\"\/><\/figure>\n\n\n\n<figure class=\"wp-block-image\"><img loading=\"lazy\" width=\"500\" height=\"333\" src=\"https:\/\/ambiente.4everstyle.xyz\/wp-content\/uploads\/2020\/08\/Games-vintage-online-4ever-Style_.png\" alt=\"\" class=\"wp-image-3964\" srcset=\"https:\/\/ambiente.4everstyle.xyz\/wp-content\/uploads\/2020\/08\/Games-vintage-online-4ever-Style_.png 500w, https:\/\/ambiente.4everstyle.xyz\/wp-content\/uploads\/2020\/08\/Games-vintage-online-4ever-Style_-320x213.png 320w, https:\/\/ambiente.4everstyle.xyz\/wp-content\/uploads\/2020\/08\/Games-vintage-online-4ever-Style_-360x240.png 360w\" sizes=\"(max-width: 500px) 100vw, 500px\" \/><\/figure>\n<div class='share-to-whatsapp-wrapper'><div class='share-on-whsp'>COMPARTILHE esta noticia pelo: <\/div><a data-text='Vintage Games Nintendo' data-link='https:\/\/ambiente.4everstyle.xyz\/index.php\/vintage-games-nintendo\/' class='whatsapp-button whatsapp-share'>WhatsApp<\/a><div class='clear '><\/div><\/div>","protected":false},"excerpt":{"rendered":"<p>JOGUE AGORA! \ud83d\udc99\ud83d\uddb1\ud83e\uddb8\u200d\u2642\ufe0f\ud83e\udd47\ud83c\udfae\ud83c\udfce\ud83e\udde1 Ol\u00e1, se voc\u00ea est\u00e1 aqui na internet acessando de um computador (Desktop ou Laptop | Notebook), ent\u00e3o voc\u00ea poder\u00e1 JOGAR AGORA atrav\u00e9s do nosso portal e relembrar os velhos tempos dos antigos e cl\u00e1ssicos games da Nintendo, como Super Mario Bros, Donkey Kong, Pac Man, Street Fighter entre muitos outros&#8230;APROVEITE! \ud83d\ude09 Dica:<\/p>\n","protected":false},"author":1,"featured_media":3977,"parent":0,"menu_order":0,"comment_status":"open","ping_status":"closed","template":"","meta":{"_monsterinsights_skip_tracking":false,"_monsterinsights_sitenote_active":false,"_monsterinsights_sitenote_note":"","_monsterinsights_sitenote_category":0},"_links":{"self":[{"href":"https:\/\/ambiente.4everstyle.xyz\/index.php\/wp-json\/wp\/v2\/pages\/3939"}],"collection":[{"href":"https:\/\/ambiente.4everstyle.xyz\/index.php\/wp-json\/wp\/v2\/pages"}],"about":[{"href":"https:\/\/ambiente.4everstyle.xyz\/index.php\/wp-json\/wp\/v2\/types\/page"}],"author":[{"embeddable":true,"href":"https:\/\/ambiente.4everstyle.xyz\/index.php\/wp-json\/wp\/v2\/users\/1"}],"replies":[{"embeddable":true,"href":"https:\/\/ambiente.4everstyle.xyz\/index.php\/wp-json\/wp\/v2\/comments?post=3939"}],"version-history":[{"count":7,"href":"https:\/\/ambiente.4everstyle.xyz\/index.php\/wp-json\/wp\/v2\/pages\/3939\/revisions"}],"predecessor-version":[{"id":3980,"href":"https:\/\/ambiente.4everstyle.xyz\/index.php\/wp-json\/wp\/v2\/pages\/3939\/revisions\/3980"}],"wp:featuredmedia":[{"embeddable":true,"href":"https:\/\/ambiente.4everstyle.xyz\/index.php\/wp-json\/wp\/v2\/media\/3977"}],"wp:attachment":[{"href":"https:\/\/ambiente.4everstyle.xyz\/index.php\/wp-json\/wp\/v2\/media?parent=3939"}],"curies":[{"name":"wp","href":"https:\/\/api.w.org\/{rel}","templated":true}]}}