{"id":4200,"date":"2022-11-15T00:04:11","date_gmt":"2022-11-15T03:04:11","guid":{"rendered":"https:\/\/ambiente.4everstyle.xyz\/?page_id=4200"},"modified":"2022-11-15T00:26:50","modified_gmt":"2022-11-15T03:26:50","slug":"depoimentos","status":"publish","type":"page","link":"https:\/\/ambiente.4everstyle.xyz\/index.php\/depoimentos\/","title":{"rendered":"DEPOIMENTOS"},"content":{"rendered":"<style type=\"text\/css\">#sp-testimonial-pro-wrapper-4188.sp-testimonial-pro-wrapper .sp-testimonial-pro-section.sp-tpCarousel {padding:0 0 60px 0;}#sp-testimonial-pro-wrapper-4188.sp-testimonial-pro-wrapper .sp-testimonial-pro-section.sp-testimonial-pro-section-thumb{padding:0 0;}#sp-testimonial-pro-wrapper-4188.sp-testimonial-pro-wrapper .sp-testimonial-pro-section.sp-testimonial-pro-section-content {padding:0 0 60px 0;}#sp-testimonial-pro-wrapper-4188 .sp-testimonial-pro-section {display:none;}#sp-testimonial-pro-wrapper-4188 .sp-testimonial-pro-section.swiper-initialized,#sp-testimonial-pro-wrapper-4188 .sp-testimonial-pro-section.swiper-container-initialized {display: block;}#sp-testimonial-pro-4188.sp-testimonial-pro-section.tpro-style-theme-one .sp-testimonial-pro-item .sp-testimonial-pro{border: 0px solid #e3e3e3;border-radius: 0px;padding: 0px 0px 0px 0px;background-color: transparent;}#sp-testimonial-pro-4188.sp-testimonial-pro-section .sp-testimonial-pro-item:not(.swiper-slide){padding-right:0px; } #sp-testimonial-pro-4188.sp-testimonial-pro-section .sp-tpro-items{ margin-right:-0px;width: calc( 100% + 0px );}#sp-testimonial-pro-4188.sp-testimonial-pro-section .swiper-slide.sp-testimonial-pro-item{ padding-bottom:0px; }#sp-testimonial-pro-4188.sp-testimonial-pro-section:not(.sp-testimonial-fade-carousel) .swiper-slide:not(.sp-testimonial-pro-item) { margin-bottom: -0px; }#sp-testimonial-pro-4188.sp-testimonial-pro-section .swiper-slide .sp-testimonial-pro-item:last-child{padding-right: 0; }#sp-testimonial-pro-4188.sp-testimonial-pro-section .tpro-client-image .sp-tpro-video i.fa, #sp-testimonial-pro-4188.sp-testimonial-pro-section .tpro-client-image .sp-tpro-img i.fa{color: #e2e2e2;font-size: 32px; width: 32px; height: 32px;}#sp-testimonial-pro-4188.sp-testimonial-pro-section .tpro-client-image .sp-tpro-video:hover i.fa, #sp-testimonial-pro-4188.sp-testimonial-pro-section .tpro-client-image .sp-tpro-img:hover i.fa{color: #ffffff;}#sp-testimonial-pro-4188.sp-testimonial-pro-section .tpro-client-image .sp-tpro-video:before,#sp-testimonial-pro-4188.sp-testimonial-pro-section .tpro-client-image .sp-tpro-img:before{background: rgba(51, 51, 51, 0.4);}#sp-testimonial-pro-4188.sp-testimonial-pro-section .tpro-client-image{margin: 0px 0px 22px 0px;text-align: center;}#sp-testimonial-pro-4188.sp-testimonial-pro-section .tpro-client-image img,.sp-tpro-modal-testimonial-4188 .tpro-client-image img{background: #ffffff;border: 0px solid #dddddd;padding: 0px;}#sp-testimonial-pro-4188.sp-testimonial-pro-section .tpro-testimonial-title{margin: 0px 0px 18px 0px;}#sp-testimonial-pro-4188.sp-testimonial-pro-section .tpro-testimonial-title .sp-tpro-testimonial-title{color: #333333;font-size: 20px;line-height: 30px;text-transform: none;letter-spacing: 0px;text-align: center;padding: 0;margin: 0;}.sp-tpro-modal-testimonial-4188.sp-tpro-modal-testimonial .tpro-testimonial-title .sp-tpro-testimonial-title{color: #444444; text-align: center;font-size: 20px;line-height: 30px;text-transform: none;letter-spacing: 0px;padding: 0;margin: 0;}#sp-testimonial-pro-4188.sp-testimonial-pro-section .tpro-client-testimonial{color: #333333;font-size: 16px;line-height: 26px;text-transform: none;letter-spacing: 0px;text-align: center;margin: 0px 0px 20px 0px;}#sp-testimonial-pro-4188.sp-testimonial-pro-section .tpro-client-testimonial p{font-size: 16px;}.sp-tpro-modal-testimonial-4188.sp-tpro-modal-testimonial .tpro-client-testimonial{color: #444444; text-align: center;font-size: 16px;line-height: 26px;text-transform: none;letter-spacing: 0px;}#sp-testimonial-pro-4188.sp-testimonial-pro-section .tpro-client-name{color: #333333;font-size: 16px;line-height: 24px;text-transform: none;letter-spacing: 0px;text-align: center;margin: 0px 0px 8px 0px;}.sp-tpro-modal-testimonial-4188.sp-tpro-modal-testimonial .tpro-client-name{color: #444444; text-align: center;font-size: 16px;line-height: 24px;text-transform: none;letter-spacing: 0px;}#sp-testimonial-pro-4188.sp-testimonial-pro-section .tpro-client-rating{margin: 0px 0px 6px 0px;text-align: center;color: #ffb900;}#sp-testimonial-pro-4188.sp-testimonial-pro-section .tpro-client-designation-company{color: #444444;font-size: 16px;line-height: 24px;text-transform: none;letter-spacing: 0px;text-align: center;margin: 0px 0px 8px 0px;}.sp-tpro-modal-testimonial-4188.sp-tpro-modal-testimonial .tpro-client-designation-company{color: #444444; text-align: center;font-size: 16px;line-height: 24px;text-transform: none;letter-spacing: 0px;}#sp-testimonial-pro-4188.sp-testimonial-pro-section .tpro-client-location{color: #444444;font-size: 15px;line-height: 20px;text-transform: none;letter-spacing: 0px;text-align: center;margin: 0px 0px 5px 0px;}.sp-tpro-modal-testimonial-4188.sp-tpro-modal-testimonial .tpro-client-location{color: #444444; text-align: center;font-size: 15px;line-height: 20px;text-transform: none;letter-spacing: 0px;}#sp-testimonial-pro-4188.sp-testimonial-pro-section .tpro-client-phone{color: #444444;font-size: 15px;line-height: 20px;text-transform: none;letter-spacing: 0px;text-align: center;margin: 0px 0px 3px 0px;}.sp-tpro-modal-testimonial-4188.sp-tpro-modal-testimonial .tpro-client-phone{color: #444444; text-align: center;font-size: 15px;line-height: 20px;text-transform: none;letter-spacing: 0px;}#sp-testimonial-pro-4188.sp-testimonial-pro-section .tpro-client-email{color: #444444;font-size: 15px;line-height: 20px;text-transform: none;letter-spacing: 0px;text-align: center;margin: 0px 0px 5px 0px;}.sp-tpro-modal-testimonial-4188.sp-tpro-modal-testimonial .tpro-client-email{color: #444444; text-align: center;font-size: 15px;line-height: 20px;text-transform: none;letter-spacing: 0px;}#sp-testimonial-pro-4188.sp-testimonial-pro-section .tpro-testimonial-date{color: #444444;font-size: 15px;line-height: 20px;text-transform: none;letter-spacing: 0px;text-align: center;margin: 0px 0px 6px 0px;}.sp-tpro-modal-testimonial-4188.sp-tpro-modal-testimonial .tpro-testimonial-date{color: #444444; text-align: center;font-size: 15px;line-height: 20px;text-transform: none;letter-spacing: 0px;}#sp-testimonial-pro-4188.sp-testimonial-pro-section .tpro-client-website{color: #444444;font-size: 14px;line-height: 20px;text-transform: none;letter-spacing: 0px;text-align: center;margin: 0px 0px 6px 0px;}.sp-tpro-modal-testimonial-4188.sp-tpro-modal-testimonial .tpro-client-website{color: #444444; text-align: center;font-size: 14px;line-height: 20px;text-transform: none;letter-spacing: 0px;}#sp-testimonial-pro-4188.sp-testimonial-pro-section .sp-testimonial-pro-item .sp-testimonial-pro{border: 0px solid #e3e3e3;border-radius: 0px;padding: 0px 0px 0px 0px;background-color: transparent;}#sp-testimonial-pro-4188.sp-testimonial-pro-section .sp-testimonial-pagination{margin: 21px 0px 0px 0px;} #sp-testimonial-pro-4188.sp-testimonial-pro-section .sp-testimonial-pagination .swiper-pagination-bullet{background: #cccccc;}#sp-testimonial-pro-4188.sp-testimonial-pro-section .sp-testimonial-pagination .swiper-pagination-bullet.swiper-pagination-bullet-active {background: #1595CE;}#sp-testimonial-pro-4188.sp-testimonial-pro-section .tpro-button-prev,#sp-testimonial-pro-4188.sp-testimonial-pro-section .tpro-button-next{background: transparent;color: #777777;border: 1px solid #777777;border-radius: 50%;line-height: 30px;}#sp-testimonial-pro-4188.sp-testimonial-pro-section .tpro-button-prev i:before,#sp-testimonial-pro-4188.sp-testimonial-pro-section .tpro-button-next i:before{font-size: 20px;}#sp-testimonial-pro-4188.sp-testimonial-pro-section .tpro-button-prev:hover,#sp-testimonial-pro-4188.sp-testimonial-pro-section .tpro-button-next:hover{background: #1595CE;color: #ffffff;border-color: #1595CE;}#sp-testimonial-pro-wrapper-4188.sp_tpro_nav_position_vertical_center .sp-testimonial-pro-section:not(.sp-testimonial-pro-section-thumb){ margin: 0 50px;}#sp-testimonial-pro-wrapper-4188 .sp-testimonial-pro-section{ padding: 0 60px;}#sp-testimonial-pro-wrapper-4188 .tpro-button-next { right: 0;}\/* xs *\/@media (max-width: 600px) {#sp-testimonial-pro-wrapper-4188.sp_tpro_nav_position_vertical_center .sp-testimonial-pro-section:not(.sp-testimonial-pro-section-thumb) {margin: 0 35px;}}<\/style><div id=\"sp-testimonial-pro-wrapper-4188\" class=\"sp-testimonial-pro-wrapper sp-tpro-thumbnail-slider sp_tpro_nav_position_vertical_center\"><div id=\"sp-testimonial-pro-4188\" dir=\"ltr\" data-testimonial='{ \"videoIcon\": 1, \"lightboxIcon\": false, \"thumbnailSlider\": true}'data-preloader='' class=\"sp-testimonial-pro-section sp-testimonial-pro-section-thumb\" data-thumb_swiper='{\"slidesToShow\": 4, \"autoplay\": true, \"autoplaySpeed\": 3000, \"speed\": 600, \"arrows\": true, \"dots\": true, \"effect\": false, \"adaptiveHeight\": false, \"pauseOnHover\": true, \"swipe\": true, \"swipeToSlide\": false, \"draggable\": true, \"rtl\": false, \"slidesPerView\": {\"lg_desktop\": 1, \"desktop\": 1, \"laptop\": 1, \"tablet\": 1, \"mobile\": 1}}' data-arrowicon=\"angle\"><div class=\"swiper-wrapper\"><div class=\"sp-testimonial-pro-item swiper-slide\"><div class=\"tpro-client-image tpro-image-style-three\"><img class=\"tpro-img-tag\" src=\"https:\/\/ambiente.4everstyle.xyz\/wp-content\/plugins\/testimonial-pro\/src\/Frontend\/assets\/images\/placeholder-image.png\" width =\"120\" height=\"120\" alt=\"Placeholder Image\"><\/div><\/div><div class=\"sp-testimonial-pro-item swiper-slide\"><div class=\"tpro-client-image tpro-image-style-three\"><img class=\"tpro-img-tag\" src=\"https:\/\/ambiente.4everstyle.xyz\/wp-content\/plugins\/testimonial-pro\/src\/Frontend\/assets\/images\/placeholder-image.png\" width =\"120\" height=\"120\" alt=\"Placeholder Image\"><\/div><\/div><div class=\"sp-testimonial-pro-item swiper-slide\"><div class=\"tpro-client-image tpro-image-style-three\"><img class=\"tpro-img-tag\" src=\"https:\/\/ambiente.4everstyle.xyz\/wp-content\/uploads\/2022\/11\/PINUP-X10-1-120x120.jpg\" width =\"120\" height=\"120\" alt=\"\"><\/div><\/div><div class=\"sp-testimonial-pro-item swiper-slide\"><div class=\"tpro-client-image tpro-image-style-three\"><img class=\"tpro-img-tag\" src=\"https:\/\/ambiente.4everstyle.xyz\/wp-content\/plugins\/testimonial-pro\/src\/Frontend\/assets\/images\/placeholder-image.png\" width =\"120\" height=\"120\" alt=\"Placeholder Image\"><\/div><\/div><div class=\"sp-testimonial-pro-item swiper-slide\"><div class=\"tpro-client-image tpro-image-style-three\"><img class=\"tpro-img-tag\" src=\"https:\/\/ambiente.4everstyle.xyz\/wp-content\/plugins\/testimonial-pro\/src\/Frontend\/assets\/images\/placeholder-image.png\" width =\"120\" height=\"120\" alt=\"Placeholder Image\"><\/div><\/div><\/div><\/div><div id=\"sp-testimonial-pro-4188\" dir=\"ltr\" data-testimonial='{ \"videoIcon\": 1, \"lightboxIcon\": false, \"thumbnailSlider\": true}'data-preloader='' class=\"sp-testimonial-pro-section sp-testimonial-pro-read-more tpro-readmore-expand- sp-testimonial-pro-section-content tpro-style-theme-one\"><div class=\"swiper-wrapper\"><div class=\"sp-testimonial-pro-item swiper-slide\"><div class=\"sp-testimonial-pro\"><div class=\"tpro-testimonial-title\"><h3 class=\"sp-tpro-testimonial-title\">Muito bacana<\/h3><\/div><div class=\"tpro-client-testimonial\"><div class=\"tpro-testimonial-text\">Fico feliz em saber que na internet tamb\u00e9m existe um conte\u00fado t\u00e3o rico e interessante como os publicados aqui neste portal. Obrigado e parab\u00e9ns a todos! \u2665COMPARTILHE esta noticia pelo: WhatsApp<\/div><\/div><h4 class=\"tpro-client-name\">Stefany Gringer<\/h4><div class=\"tpro-client-rating\"><i class=\"fa fa-star\" aria-hidden=\"true\"><\/i><i class=\"fa fa-star\" aria-hidden=\"true\"><\/i><i class=\"fa fa-star\" aria-hidden=\"true\"><\/i><i class=\"fa fa-star\" aria-hidden=\"true\"><\/i><i class=\"fa fa-star\" aria-hidden=\"true\"><\/i><\/div><div class=\"tpro-client-location\">Sta Catarina<\/div><div class=\"tpro-client-email\">stefanny39a@gmail.com<\/div><div class=\"tpro-testimonial-date\">nov 14, 2022<\/div><\/div><\/div><div class=\"sp-testimonial-pro-item swiper-slide\"><div class=\"sp-testimonial-pro\"><div class=\"tpro-testimonial-title\"><h3 class=\"sp-tpro-testimonial-title\">Amazing<\/h3><\/div><div class=\"tpro-client-testimonial\"><div class=\"tpro-testimonial-text\">I see an article that makes me happy! Congratulations COMPARTILHE esta noticia pelo: WhatsApp<\/div><\/div><h4 class=\"tpro-client-name\">Coldie Asten<\/h4><div class=\"tpro-client-rating\"><i class=\"fa fa-star\" aria-hidden=\"true\"><\/i><i class=\"fa fa-star\" aria-hidden=\"true\"><\/i><i class=\"fa fa-star\" aria-hidden=\"true\"><\/i><i class=\"fa fa-star\" aria-hidden=\"true\"><\/i><i class=\"fa fa-star\" aria-hidden=\"true\"><\/i><\/div><div class=\"tpro-client-designation-company\">Ralphen Prigyd<\/div><div class=\"tpro-client-location\">US Nevada<\/div><div class=\"tpro-testimonial-date\">nov 14, 2022<\/div><\/div><\/div><div class=\"sp-testimonial-pro-item swiper-slide\"><div class=\"sp-testimonial-pro\"><div class=\"tpro-testimonial-title\"><h3 class=\"sp-tpro-testimonial-title\">The Wealth of the Web<\/h3><\/div><div class=\"tpro-client-testimonial\"><div class=\"tpro-testimonial-text\">Great Entertainment Portal Congrat. \u2665 COMPARTILHE esta noticia pelo: WhatsApp<\/div><\/div><h4 class=\"tpro-client-name\">Melanie Fox<\/h4><div class=\"tpro-client-email\">megielen47@gmail.com<\/div><div class=\"tpro-testimonial-date\">nov 15, 2022<\/div><\/div><\/div><div class=\"sp-testimonial-pro-item swiper-slide\"><div class=\"sp-testimonial-pro\"><div class=\"tpro-testimonial-title\"><h3 class=\"sp-tpro-testimonial-title\">Adoro<\/h3><\/div><div class=\"tpro-client-testimonial\"><div class=\"tpro-testimonial-text\">Sempre estou aqui procurando e sempre acho coisas muito interessantes, valeu COMPARTILHE esta noticia pelo: WhatsApp<\/div><\/div><h4 class=\"tpro-client-name\">Caroline<\/h4><div class=\"tpro-testimonial-date\">nov 15, 2022<\/div><\/div><\/div><div class=\"sp-testimonial-pro-item swiper-slide\"><div class=\"sp-testimonial-pro\"><div class=\"tpro-testimonial-title\"><h3 class=\"sp-tpro-testimonial-title\">\u00d3timo<\/h3><\/div><div class=\"tpro-client-testimonial\"><div class=\"tpro-testimonial-text\">Amooo esse ambiente \ud83c\udf52\ud83c\udf39 COMPARTILHE esta noticia pelo: WhatsApp<\/div><\/div><h4 class=\"tpro-client-name\">Paula Souza<\/h4><div class=\"tpro-testimonial-date\">nov 15, 2022<\/div><\/div><\/div><\/div><div class=\"sp-testimonial-pagination swiper-pagination\"><\/div><div class=\"tpro-button-next tpro-arrow swiper-button-next vertical_center\"><i class=\"fa fa-angle-right\"><\/i><\/div><div class=\"tpro-button-prev tpro-arrow swiper-button-prev vertical_center\"><i class=\"fa fa-angle-left\"><\/i><\/div><\/div><\/div>\n<div class='share-to-whatsapp-wrapper'><div class='share-on-whsp'>COMPARTILHE esta noticia pelo: <\/div><a data-text='DEPOIMENTOS' data-link='https:\/\/ambiente.4everstyle.xyz\/index.php\/depoimentos\/' class='whatsapp-button whatsapp-share'>WhatsApp<\/a><div class='clear '><\/div><\/div>","protected":false},"excerpt":{"rendered":"<p>COMPARTILHE esta noticia pelo: WhatsApp<\/p>\n","protected":false},"author":1,"featured_media":0,"parent":0,"menu_order":0,"comment_status":"closed","ping_status":"closed","template":"page-templates\/full-width.php","meta":{"_monsterinsights_skip_tracking":false,"_monsterinsights_sitenote_active":false,"_monsterinsights_sitenote_note":"","_monsterinsights_sitenote_category":0},"_links":{"self":[{"href":"https:\/\/ambiente.4everstyle.xyz\/index.php\/wp-json\/wp\/v2\/pages\/4200"}],"collection":[{"href":"https:\/\/ambiente.4everstyle.xyz\/index.php\/wp-json\/wp\/v2\/pages"}],"about":[{"href":"https:\/\/ambiente.4everstyle.xyz\/index.php\/wp-json\/wp\/v2\/types\/page"}],"author":[{"embeddable":true,"href":"https:\/\/ambiente.4everstyle.xyz\/index.php\/wp-json\/wp\/v2\/users\/1"}],"replies":[{"embeddable":true,"href":"https:\/\/ambiente.4everstyle.xyz\/index.php\/wp-json\/wp\/v2\/comments?post=4200"}],"version-history":[{"count":1,"href":"https:\/\/ambiente.4everstyle.xyz\/index.php\/wp-json\/wp\/v2\/pages\/4200\/revisions"}],"predecessor-version":[{"id":4201,"href":"https:\/\/ambiente.4everstyle.xyz\/index.php\/wp-json\/wp\/v2\/pages\/4200\/revisions\/4201"}],"wp:attachment":[{"href":"https:\/\/ambiente.4everstyle.xyz\/index.php\/wp-json\/wp\/v2\/media?parent=4200"}],"curies":[{"name":"wp","href":"https:\/\/api.w.org\/{rel}","templated":true}]}}