{"id":4203,"date":"2022-11-15T00:21:24","date_gmt":"2022-11-15T03:21:24","guid":{"rendered":"https:\/\/ambiente.4everstyle.xyz\/?page_id=4203"},"modified":"2022-11-15T00:25:09","modified_gmt":"2022-11-15T03:25:09","slug":"obrigado-pelo-depoimento","status":"publish","type":"page","link":"https:\/\/ambiente.4everstyle.xyz\/index.php\/obrigado-pelo-depoimento\/","title":{"rendered":"Obrigado pelo depoimento"},"content":{"rendered":"\n<p>Ficamos felizes com a sua mensagem! Seu depoimento ser\u00e1 publicado aqui no Portal 4ever Style assim que aprovado pela modera\u00e7\u00e3o Staff &#8230;Aguarde! <\/p>\n\n\n\n<p>Muito obrigado por vir e volte sempre! <\/p>\n\n\n\n<p><strong>Att. Admin. 4ever Style <\/strong><\/p>\n\n\n<div class=\"wp-block-image\">\n<figure class=\"aligncenter size-full\"><img loading=\"lazy\" width=\"560\" height=\"420\" src=\"https:\/\/ambiente.4everstyle.xyz\/wp-content\/uploads\/2022\/09\/4EVER-STYLE-Logo-final-2.png\" alt=\"\" class=\"wp-image-4180\" srcset=\"https:\/\/ambiente.4everstyle.xyz\/wp-content\/uploads\/2022\/09\/4EVER-STYLE-Logo-final-2.png 560w, https:\/\/ambiente.4everstyle.xyz\/wp-content\/uploads\/2022\/09\/4EVER-STYLE-Logo-final-2-320x240.png 320w, https:\/\/ambiente.4everstyle.xyz\/wp-content\/uploads\/2022\/09\/4EVER-STYLE-Logo-final-2-360x270.png 360w\" sizes=\"(max-width: 560px) 100vw, 560px\" \/><\/figure><\/div><div class='share-to-whatsapp-wrapper'><div class='share-on-whsp'>COMPARTILHE esta noticia pelo: <\/div><a data-text='Obrigado pelo depoimento' data-link='https:\/\/ambiente.4everstyle.xyz\/index.php\/obrigado-pelo-depoimento\/' class='whatsapp-button whatsapp-share'>WhatsApp<\/a><div class='clear '><\/div><\/div>","protected":false},"excerpt":{"rendered":"<p>Ficamos felizes com a sua mensagem! Seu depoimento ser\u00e1 publicado aqui no Portal 4ever Style assim que aprovado pela modera\u00e7\u00e3o Staff &#8230;Aguarde! Muito obrigado por vir e volte sempre! Att. Admin. 4ever Style COMPARTILHE esta noticia pelo: WhatsApp<\/p>\n","protected":false},"author":1,"featured_media":0,"parent":0,"menu_order":0,"comment_status":"closed","ping_status":"closed","template":"page-templates\/full-width.php","meta":{"_monsterinsights_skip_tracking":false,"_monsterinsights_sitenote_active":false,"_monsterinsights_sitenote_note":"","_monsterinsights_sitenote_category":0},"_links":{"self":[{"href":"https:\/\/ambiente.4everstyle.xyz\/index.php\/wp-json\/wp\/v2\/pages\/4203"}],"collection":[{"href":"https:\/\/ambiente.4everstyle.xyz\/index.php\/wp-json\/wp\/v2\/pages"}],"about":[{"href":"https:\/\/ambiente.4everstyle.xyz\/index.php\/wp-json\/wp\/v2\/types\/page"}],"author":[{"embeddable":true,"href":"https:\/\/ambiente.4everstyle.xyz\/index.php\/wp-json\/wp\/v2\/users\/1"}],"replies":[{"embeddable":true,"href":"https:\/\/ambiente.4everstyle.xyz\/index.php\/wp-json\/wp\/v2\/comments?post=4203"}],"version-history":[{"count":1,"href":"https:\/\/ambiente.4everstyle.xyz\/index.php\/wp-json\/wp\/v2\/pages\/4203\/revisions"}],"predecessor-version":[{"id":4204,"href":"https:\/\/ambiente.4everstyle.xyz\/index.php\/wp-json\/wp\/v2\/pages\/4203\/revisions\/4204"}],"wp:attachment":[{"href":"https:\/\/ambiente.4everstyle.xyz\/index.php\/wp-json\/wp\/v2\/media?parent=4203"}],"curies":[{"name":"wp","href":"https:\/\/api.w.org\/{rel}","templated":true}]}}